{"id":33,"date":"2020-10-27T21:14:37","date_gmt":"2020-10-27T21:14:37","guid":{"rendered":"https:\/\/thejohnstownestate.com\/?page_id=33"},"modified":"2025-11-26T14:59:43","modified_gmt":"2025-11-26T14:59:43","slug":"careers","status":"publish","type":"page","link":"https:\/\/thejohnstownestate.com\/de\/careers\/","title":{"rendered":"Karriere"},"content":{"rendered":"<p>Das Johnstown Estate ist stets bestrebt, die Erwartungen zu \u00fcbertreffen, und hat sich zum Ziel gesetzt, Irlands ultimatives Ferienresort zu sein, das die h\u00f6chsten Standards f\u00fcr Gastfreundschaft, Genuss und Entspannung setzt.<\/p>","protected":false},"excerpt":{"rendered":"<p>Das Johnstown Estate ist stets bestrebt, die Erwartungen zu \u00fcbertreffen, und hat sich zum Ziel gesetzt, Irlands ultimatives Ferienresort zu sein, das die h\u00f6chsten Standards f\u00fcr Gastfreundschaft, Genuss und Entspannung setzt.<\/p>","protected":false},"author":23,"featured_media":0,"parent":0,"menu_order":15,"comment_status":"closed","ping_status":"closed","template":"template-footer-page.blade.php","meta":{"_acf_changed":true,"footnotes":""},"class_list":["post-33","page","type-page","status-publish","hentry"],"acf":[],"yoast_head":"<!-- This site is optimized with the Yoast SEO plugin v27.4 - https:\/\/yoast.com\/product\/yoast-seo-wordpress\/ -->\n<title>Careers | Hotels Jobs In Meath | 4* Johnstown Estate Hotel &amp; Spa<\/title>\n<meta name=\"description\" content=\"At Johnstown Estate Hotel we are always looking for dedicated individuals to join our team &amp; are looking to start or further their career in the hospitality industry.\" \/>\n<meta name=\"robots\" content=\"index, follow, max-snippet:-1, max-image-preview:large, max-video-preview:-1\" \/>\n<link rel=\"canonical\" href=\"https:\/\/thejohnstownestate.com\/de\/careers\/\" \/>\n<meta property=\"og:locale\" content=\"de_DE\" \/>\n<meta property=\"og:type\" content=\"article\" \/>\n<meta property=\"og:title\" content=\"Careers | Hotels Jobs In Meath | 4* Johnstown Estate Hotel &amp; Spa\" \/>\n<meta property=\"og:description\" content=\"At Johnstown Estate Hotel we are always looking for dedicated individuals to join our team &amp; are looking to start or further their career in the hospitality industry.\" \/>\n<meta property=\"og:url\" content=\"https:\/\/thejohnstownestate.com\/de\/careers\/\" \/>\n<meta property=\"og:site_name\" content=\"The Johnstown Estate\" \/>\n<meta property=\"article:modified_time\" content=\"2025-11-26T14:59:43+00:00\" \/>\n<meta name=\"twitter:card\" content=\"summary_large_image\" \/>\n<meta name=\"twitter:label1\" content=\"Gesch\u00e4tzte Lesezeit\" \/>\n\t<meta name=\"twitter:data1\" content=\"1 Minute\" \/>\n<script type=\"application\/ld+json\" class=\"yoast-schema-graph\">{\"@context\":\"https:\\\/\\\/schema.org\",\"@graph\":[{\"@type\":\"WebPage\",\"@id\":\"https:\\\/\\\/thejohnstownestate.com\\\/careers\\\/\",\"url\":\"https:\\\/\\\/thejohnstownestate.com\\\/careers\\\/\",\"name\":\"Careers | Hotels Jobs In Meath | 4* Johnstown Estate Hotel & Spa\",\"isPartOf\":{\"@id\":\"https:\\\/\\\/thejohnstownestate.com\\\/#website\"},\"datePublished\":\"2020-10-27T21:14:37+00:00\",\"dateModified\":\"2025-11-26T14:59:43+00:00\",\"description\":\"At Johnstown Estate Hotel we are always looking for dedicated individuals to join our team & are looking to start or further their career in the hospitality industry.\",\"breadcrumb\":{\"@id\":\"https:\\\/\\\/thejohnstownestate.com\\\/careers\\\/#breadcrumb\"},\"inLanguage\":\"de-DE\",\"potentialAction\":[{\"@type\":\"ReadAction\",\"target\":[\"https:\\\/\\\/thejohnstownestate.com\\\/careers\\\/\"]}]},{\"@type\":\"BreadcrumbList\",\"@id\":\"https:\\\/\\\/thejohnstownestate.com\\\/careers\\\/#breadcrumb\",\"itemListElement\":[{\"@type\":\"ListItem\",\"position\":1,\"name\":\"Home\",\"item\":\"https:\\\/\\\/thejohnstownestate.com\\\/\"},{\"@type\":\"ListItem\",\"position\":2,\"name\":\"Careers\"}]},{\"@type\":\"WebSite\",\"@id\":\"https:\\\/\\\/thejohnstownestate.com\\\/#website\",\"url\":\"https:\\\/\\\/thejohnstownestate.com\\\/\",\"name\":\"The Johnstown Estate\",\"description\":\"Where Georgian Splendour Meets Modern Day Luxury\",\"potentialAction\":[{\"@type\":\"SearchAction\",\"target\":{\"@type\":\"EntryPoint\",\"urlTemplate\":\"https:\\\/\\\/thejohnstownestate.com\\\/?s={search_term_string}\"},\"query-input\":{\"@type\":\"PropertyValueSpecification\",\"valueRequired\":true,\"valueName\":\"search_term_string\"}}],\"inLanguage\":\"de-DE\"}]}<\/script>\n<!-- \/ Yoast SEO plugin. -->","yoast_head_json":{"title":"Careers | Hotels Jobs In Meath | 4* Johnstown Estate Hotel & Spa","description":"At Johnstown Estate Hotel we are always looking for dedicated individuals to join our team & are looking to start or further their career in the hospitality industry.","robots":{"index":"index","follow":"follow","max-snippet":"max-snippet:-1","max-image-preview":"max-image-preview:large","max-video-preview":"max-video-preview:-1"},"canonical":"https:\/\/thejohnstownestate.com\/de\/careers\/","og_locale":"de_DE","og_type":"article","og_title":"Careers | Hotels Jobs In Meath | 4* Johnstown Estate Hotel & Spa","og_description":"At Johnstown Estate Hotel we are always looking for dedicated individuals to join our team & are looking to start or further their career in the hospitality industry.","og_url":"https:\/\/thejohnstownestate.com\/de\/careers\/","og_site_name":"The Johnstown Estate","article_modified_time":"2025-11-26T14:59:43+00:00","twitter_card":"summary_large_image","twitter_misc":{"Gesch\u00e4tzte Lesezeit":"1 Minute"},"schema":{"@context":"https:\/\/schema.org","@graph":[{"@type":"WebPage","@id":"https:\/\/thejohnstownestate.com\/careers\/","url":"https:\/\/thejohnstownestate.com\/careers\/","name":"Careers | Hotels Jobs In Meath | 4* Johnstown Estate Hotel & Spa","isPartOf":{"@id":"https:\/\/thejohnstownestate.com\/#website"},"datePublished":"2020-10-27T21:14:37+00:00","dateModified":"2025-11-26T14:59:43+00:00","description":"At Johnstown Estate Hotel we are always looking for dedicated individuals to join our team & are looking to start or further their career in the hospitality industry.","breadcrumb":{"@id":"https:\/\/thejohnstownestate.com\/careers\/#breadcrumb"},"inLanguage":"de-DE","potentialAction":[{"@type":"ReadAction","target":["https:\/\/thejohnstownestate.com\/careers\/"]}]},{"@type":"BreadcrumbList","@id":"https:\/\/thejohnstownestate.com\/careers\/#breadcrumb","itemListElement":[{"@type":"ListItem","position":1,"name":"Home","item":"https:\/\/thejohnstownestate.com\/"},{"@type":"ListItem","position":2,"name":"Careers"}]},{"@type":"WebSite","@id":"https:\/\/thejohnstownestate.com\/#website","url":"https:\/\/thejohnstownestate.com\/","name":"Das Anwesen Johnstown","description":"Wo georgianische Pracht auf modernen Luxus trifft","potentialAction":[{"@type":"SearchAction","target":{"@type":"EntryPoint","urlTemplate":"https:\/\/thejohnstownestate.com\/?s={search_term_string}"},"query-input":{"@type":"PropertyValueSpecification","valueRequired":true,"valueName":"search_term_string"}}],"inLanguage":"de-DE"}]}},"_links":{"self":[{"href":"https:\/\/thejohnstownestate.com\/de\/wp-json\/wp\/v2\/pages\/33","targetHints":{"allow":["GET"]}}],"collection":[{"href":"https:\/\/thejohnstownestate.com\/de\/wp-json\/wp\/v2\/pages"}],"about":[{"href":"https:\/\/thejohnstownestate.com\/de\/wp-json\/wp\/v2\/types\/page"}],"author":[{"embeddable":true,"href":"https:\/\/thejohnstownestate.com\/de\/wp-json\/wp\/v2\/users\/23"}],"replies":[{"embeddable":true,"href":"https:\/\/thejohnstownestate.com\/de\/wp-json\/wp\/v2\/comments?post=33"}],"version-history":[{"count":0,"href":"https:\/\/thejohnstownestate.com\/de\/wp-json\/wp\/v2\/pages\/33\/revisions"}],"wp:attachment":[{"href":"https:\/\/thejohnstownestate.com\/de\/wp-json\/wp\/v2\/media?parent=33"}],"curies":[{"name":"wp","href":"https:\/\/api.w.org\/{rel}","templated":true}]}}