{"id":35,"date":"2020-10-27T21:14:52","date_gmt":"2020-10-27T21:14:52","guid":{"rendered":"https:\/\/thejohnstownestate.com\/?page_id=35"},"modified":"2024-04-03T10:15:18","modified_gmt":"2024-04-03T10:15:18","slug":"news-press","status":"publish","type":"page","link":"https:\/\/thejohnstownestate.com\/de\/news-press\/","title":{"rendered":"Nachrichten &amp; Presse"},"content":{"rendered":"<p>Das Johnstown Estate wird regelm\u00e4\u00dfig in Zeitungen, Zeitschriften und sozialen Medien erw\u00e4hnt. Hier ist eine Auswahl dessen, was in den Medien \u00fcber uns berichtet wurde.<\/p>","protected":false},"excerpt":{"rendered":"<p>Das Johnstown Estate wird regelm\u00e4\u00dfig in Zeitungen, Zeitschriften und sozialen Medien erw\u00e4hnt. Hier ist eine Auswahl dessen, was in den Medien \u00fcber uns berichtet wurde.<\/p>","protected":false},"author":23,"featured_media":0,"parent":0,"menu_order":27,"comment_status":"closed","ping_status":"closed","template":"","meta":{"_acf_changed":true,"footnotes":""},"class_list":["post-35","page","type-page","status-publish","hentry"],"acf":[],"yoast_head":"<!-- This site is optimized with the Yoast SEO plugin v27.5 - https:\/\/yoast.com\/product\/yoast-seo-wordpress\/ -->\n<title>Press Release | Latest Hotel News | Johnstown Estate Hotel Meath<\/title>\n<meta name=\"description\" content=\"The Johnstown Estate Hotel &amp; Spa regularly features in newspapers, magazines, and social media. Here\u2019s a selection of what the media has been saying about us.\" \/>\n<meta name=\"robots\" content=\"index, follow, max-snippet:-1, max-image-preview:large, max-video-preview:-1\" \/>\n<link rel=\"canonical\" href=\"https:\/\/thejohnstownestate.com\/de\/news-press\/\" \/>\n<meta property=\"og:locale\" content=\"de_DE\" \/>\n<meta property=\"og:type\" content=\"article\" \/>\n<meta property=\"og:title\" content=\"Press Release | Latest Hotel News | Johnstown Estate Hotel Meath\" \/>\n<meta property=\"og:description\" content=\"The Johnstown Estate Hotel &amp; Spa regularly features in newspapers, magazines, and social media. Here\u2019s a selection of what the media has been saying about us.\" \/>\n<meta property=\"og:url\" content=\"https:\/\/thejohnstownestate.com\/de\/news-press\/\" \/>\n<meta property=\"og:site_name\" content=\"The Johnstown Estate\" \/>\n<meta property=\"article:modified_time\" content=\"2024-04-03T10:15:18+00:00\" \/>\n<meta name=\"twitter:card\" content=\"summary_large_image\" \/>\n<meta name=\"twitter:label1\" content=\"Gesch\u00e4tzte Lesezeit\" \/>\n\t<meta name=\"twitter:data1\" content=\"1 Minute\" \/>\n<script type=\"application\/ld+json\" class=\"yoast-schema-graph\">{\"@context\":\"https:\\\/\\\/schema.org\",\"@graph\":[{\"@type\":\"WebPage\",\"@id\":\"https:\\\/\\\/thejohnstownestate.com\\\/news-press\\\/\",\"url\":\"https:\\\/\\\/thejohnstownestate.com\\\/news-press\\\/\",\"name\":\"Press Release | Latest Hotel News | Johnstown Estate Hotel Meath\",\"isPartOf\":{\"@id\":\"https:\\\/\\\/thejohnstownestate.com\\\/#website\"},\"datePublished\":\"2020-10-27T21:14:52+00:00\",\"dateModified\":\"2024-04-03T10:15:18+00:00\",\"description\":\"The Johnstown Estate Hotel & Spa regularly features in newspapers, magazines, and social media. Here\u2019s a selection of what the media has been saying about us.\",\"breadcrumb\":{\"@id\":\"https:\\\/\\\/thejohnstownestate.com\\\/news-press\\\/#breadcrumb\"},\"inLanguage\":\"de-DE\",\"potentialAction\":[{\"@type\":\"ReadAction\",\"target\":[\"https:\\\/\\\/thejohnstownestate.com\\\/news-press\\\/\"]}]},{\"@type\":\"BreadcrumbList\",\"@id\":\"https:\\\/\\\/thejohnstownestate.com\\\/news-press\\\/#breadcrumb\",\"itemListElement\":[{\"@type\":\"ListItem\",\"position\":1,\"name\":\"Home\",\"item\":\"https:\\\/\\\/thejohnstownestate.com\\\/\"},{\"@type\":\"ListItem\",\"position\":2,\"name\":\"News &#038; Press\"}]},{\"@type\":\"WebSite\",\"@id\":\"https:\\\/\\\/thejohnstownestate.com\\\/#website\",\"url\":\"https:\\\/\\\/thejohnstownestate.com\\\/\",\"name\":\"The Johnstown Estate\",\"description\":\"Where Georgian Splendour Meets Modern Day Luxury\",\"potentialAction\":[{\"@type\":\"SearchAction\",\"target\":{\"@type\":\"EntryPoint\",\"urlTemplate\":\"https:\\\/\\\/thejohnstownestate.com\\\/?s={search_term_string}\"},\"query-input\":{\"@type\":\"PropertyValueSpecification\",\"valueRequired\":true,\"valueName\":\"search_term_string\"}}],\"inLanguage\":\"de-DE\"}]}<\/script>\n<!-- \/ Yoast SEO plugin. -->","yoast_head_json":{"title":"Press Release | Latest Hotel News | Johnstown Estate Hotel Meath","description":"The Johnstown Estate Hotel & Spa regularly features in newspapers, magazines, and social media. Here\u2019s a selection of what the media has been saying about us.","robots":{"index":"index","follow":"follow","max-snippet":"max-snippet:-1","max-image-preview":"max-image-preview:large","max-video-preview":"max-video-preview:-1"},"canonical":"https:\/\/thejohnstownestate.com\/de\/news-press\/","og_locale":"de_DE","og_type":"article","og_title":"Press Release | Latest Hotel News | Johnstown Estate Hotel Meath","og_description":"The Johnstown Estate Hotel & Spa regularly features in newspapers, magazines, and social media. Here\u2019s a selection of what the media has been saying about us.","og_url":"https:\/\/thejohnstownestate.com\/de\/news-press\/","og_site_name":"The Johnstown Estate","article_modified_time":"2024-04-03T10:15:18+00:00","twitter_card":"summary_large_image","twitter_misc":{"Gesch\u00e4tzte Lesezeit":"1 Minute"},"schema":{"@context":"https:\/\/schema.org","@graph":[{"@type":"WebPage","@id":"https:\/\/thejohnstownestate.com\/news-press\/","url":"https:\/\/thejohnstownestate.com\/news-press\/","name":"Press Release | Latest Hotel News | Johnstown Estate Hotel Meath","isPartOf":{"@id":"https:\/\/thejohnstownestate.com\/#website"},"datePublished":"2020-10-27T21:14:52+00:00","dateModified":"2024-04-03T10:15:18+00:00","description":"The Johnstown Estate Hotel & Spa regularly features in newspapers, magazines, and social media. Here\u2019s a selection of what the media has been saying about us.","breadcrumb":{"@id":"https:\/\/thejohnstownestate.com\/news-press\/#breadcrumb"},"inLanguage":"de-DE","potentialAction":[{"@type":"ReadAction","target":["https:\/\/thejohnstownestate.com\/news-press\/"]}]},{"@type":"BreadcrumbList","@id":"https:\/\/thejohnstownestate.com\/news-press\/#breadcrumb","itemListElement":[{"@type":"ListItem","position":1,"name":"Home","item":"https:\/\/thejohnstownestate.com\/"},{"@type":"ListItem","position":2,"name":"News &#038; Press"}]},{"@type":"WebSite","@id":"https:\/\/thejohnstownestate.com\/#website","url":"https:\/\/thejohnstownestate.com\/","name":"Das Anwesen Johnstown","description":"Wo georgianische Pracht auf modernen Luxus trifft","potentialAction":[{"@type":"SearchAction","target":{"@type":"EntryPoint","urlTemplate":"https:\/\/thejohnstownestate.com\/?s={search_term_string}"},"query-input":{"@type":"PropertyValueSpecification","valueRequired":true,"valueName":"search_term_string"}}],"inLanguage":"de-DE"}]}},"_links":{"self":[{"href":"https:\/\/thejohnstownestate.com\/de\/wp-json\/wp\/v2\/pages\/35","targetHints":{"allow":["GET"]}}],"collection":[{"href":"https:\/\/thejohnstownestate.com\/de\/wp-json\/wp\/v2\/pages"}],"about":[{"href":"https:\/\/thejohnstownestate.com\/de\/wp-json\/wp\/v2\/types\/page"}],"author":[{"embeddable":true,"href":"https:\/\/thejohnstownestate.com\/de\/wp-json\/wp\/v2\/users\/23"}],"replies":[{"embeddable":true,"href":"https:\/\/thejohnstownestate.com\/de\/wp-json\/wp\/v2\/comments?post=35"}],"version-history":[{"count":0,"href":"https:\/\/thejohnstownestate.com\/de\/wp-json\/wp\/v2\/pages\/35\/revisions"}],"wp:attachment":[{"href":"https:\/\/thejohnstownestate.com\/de\/wp-json\/wp\/v2\/media?parent=35"}],"curies":[{"name":"wp","href":"https:\/\/api.w.org\/{rel}","templated":true}]}}