{"id":21,"date":"2024-12-23T13:10:59","date_gmt":"2024-12-23T13:10:59","guid":{"rendered":"https:\/\/thejohnstownestate.com\/?page_id=21"},"modified":"2026-04-10T09:06:58","modified_gmt":"2026-04-10T09:06:58","slug":"leisure-center","status":"publish","type":"page","link":"https:\/\/thejohnstownestate.com\/fr\/leisure-center\/","title":{"rendered":"Club de loisirs"},"content":{"rendered":"<p>Tout ce que le club de loisirs a \u00e0 offrir ajoute une autre dimension \u00e0 l'exp\u00e9rience des clients du domaine de Johnstown.<\/p>\n\n\n\n<p><\/p>","protected":false},"excerpt":{"rendered":"<p>Tout ce que le club de loisirs a \u00e0 offrir ajoute une autre dimension \u00e0 l'exp\u00e9rience des clients du domaine de Johnstown.<\/p>","protected":false},"author":23,"featured_media":564,"parent":0,"menu_order":21,"comment_status":"closed","ping_status":"closed","template":"","meta":{"_acf_changed":true,"footnotes":""},"class_list":["post-21","page","type-page","status-publish","has-post-thumbnail","hentry"],"acf":[],"yoast_head":"<!-- This site is optimized with the Yoast SEO plugin v27.4 - https:\/\/yoast.com\/product\/yoast-seo-wordpress\/ -->\n<title>Johnstown Estate Leisure Centre | Gym Meath | Johnstown Estate<\/title>\n<meta name=\"description\" content=\"Our Leisure Club has everything you need to enjoy a relaxing stay at Johnstown Estate from a gym, swimming pool, exercise classes to a relaxing sauna and hot-tub.\" \/>\n<meta name=\"robots\" content=\"index, follow, max-snippet:-1, max-image-preview:large, max-video-preview:-1\" \/>\n<link rel=\"canonical\" href=\"https:\/\/thejohnstownestate.com\/fr\/leisure-center\/\" \/>\n<meta property=\"og:locale\" content=\"fr_FR\" \/>\n<meta property=\"og:type\" content=\"article\" \/>\n<meta property=\"og:title\" content=\"Johnstown Estate Leisure Centre | Gym Meath | Johnstown Estate\" \/>\n<meta property=\"og:description\" content=\"Our Leisure Club has everything you need to enjoy a relaxing stay at Johnstown Estate from a gym, swimming pool, exercise classes to a relaxing sauna and hot-tub.\" \/>\n<meta property=\"og:url\" content=\"https:\/\/thejohnstownestate.com\/fr\/leisure-center\/\" \/>\n<meta property=\"og:site_name\" content=\"The Johnstown Estate\" \/>\n<meta property=\"article:modified_time\" content=\"2026-04-10T09:06:58+00:00\" \/>\n<meta property=\"og:image\" content=\"https:\/\/thejohnstownestate.com\/wp-content\/uploads\/2020\/11\/image-leisure-centre-hero@2x.jpg\" \/>\n\t<meta property=\"og:image:width\" content=\"2204\" \/>\n\t<meta property=\"og:image:height\" content=\"1720\" \/>\n\t<meta property=\"og:image:type\" content=\"image\/jpeg\" \/>\n<meta name=\"twitter:card\" content=\"summary_large_image\" \/>\n<meta name=\"twitter:label1\" content=\"Dur\u00e9e de lecture estim\u00e9e\" \/>\n\t<meta name=\"twitter:data1\" content=\"1 minute\" \/>\n<script type=\"application\/ld+json\" class=\"yoast-schema-graph\">{\"@context\":\"https:\\\/\\\/schema.org\",\"@graph\":[{\"@type\":\"WebPage\",\"@id\":\"https:\\\/\\\/thejohnstownestate.com\\\/leisure-center\\\/\",\"url\":\"https:\\\/\\\/thejohnstownestate.com\\\/leisure-center\\\/\",\"name\":\"Johnstown Estate Leisure Centre | Gym Meath | Johnstown Estate\",\"isPartOf\":{\"@id\":\"https:\\\/\\\/thejohnstownestate.com\\\/#website\"},\"primaryImageOfPage\":{\"@id\":\"https:\\\/\\\/thejohnstownestate.com\\\/leisure-center\\\/#primaryimage\"},\"image\":{\"@id\":\"https:\\\/\\\/thejohnstownestate.com\\\/leisure-center\\\/#primaryimage\"},\"thumbnailUrl\":\"https:\\\/\\\/thejohnstownestate.com\\\/wp-content\\\/uploads\\\/2020\\\/11\\\/image-leisure-centre-hero@2x.jpg\",\"datePublished\":\"2024-12-23T13:10:59+00:00\",\"dateModified\":\"2026-04-10T09:06:58+00:00\",\"description\":\"Our Leisure Club has everything you need to enjoy a relaxing stay at Johnstown Estate from a gym, swimming pool, exercise classes to a relaxing sauna and hot-tub.\",\"breadcrumb\":{\"@id\":\"https:\\\/\\\/thejohnstownestate.com\\\/leisure-center\\\/#breadcrumb\"},\"inLanguage\":\"fr-FR\",\"potentialAction\":[{\"@type\":\"ReadAction\",\"target\":[\"https:\\\/\\\/thejohnstownestate.com\\\/leisure-center\\\/\"]}]},{\"@type\":\"ImageObject\",\"inLanguage\":\"fr-FR\",\"@id\":\"https:\\\/\\\/thejohnstownestate.com\\\/leisure-center\\\/#primaryimage\",\"url\":\"https:\\\/\\\/thejohnstownestate.com\\\/wp-content\\\/uploads\\\/2020\\\/11\\\/image-leisure-centre-hero@2x.jpg\",\"contentUrl\":\"https:\\\/\\\/thejohnstownestate.com\\\/wp-content\\\/uploads\\\/2020\\\/11\\\/image-leisure-centre-hero@2x.jpg\",\"width\":2204,\"height\":1720},{\"@type\":\"BreadcrumbList\",\"@id\":\"https:\\\/\\\/thejohnstownestate.com\\\/leisure-center\\\/#breadcrumb\",\"itemListElement\":[{\"@type\":\"ListItem\",\"position\":1,\"name\":\"Home\",\"item\":\"https:\\\/\\\/thejohnstownestate.com\\\/\"},{\"@type\":\"ListItem\",\"position\":2,\"name\":\"Leisure Club\"}]},{\"@type\":\"WebSite\",\"@id\":\"https:\\\/\\\/thejohnstownestate.com\\\/#website\",\"url\":\"https:\\\/\\\/thejohnstownestate.com\\\/\",\"name\":\"The Johnstown Estate\",\"description\":\"Where Georgian Splendour Meets Modern Day Luxury\",\"potentialAction\":[{\"@type\":\"SearchAction\",\"target\":{\"@type\":\"EntryPoint\",\"urlTemplate\":\"https:\\\/\\\/thejohnstownestate.com\\\/?s={search_term_string}\"},\"query-input\":{\"@type\":\"PropertyValueSpecification\",\"valueRequired\":true,\"valueName\":\"search_term_string\"}}],\"inLanguage\":\"fr-FR\"}]}<\/script>\n<!-- \/ Yoast SEO plugin. -->","yoast_head_json":{"title":"Johnstown Estate Leisure Centre | Gym Meath | Johnstown Estate","description":"Our Leisure Club has everything you need to enjoy a relaxing stay at Johnstown Estate from a gym, swimming pool, exercise classes to a relaxing sauna and hot-tub.","robots":{"index":"index","follow":"follow","max-snippet":"max-snippet:-1","max-image-preview":"max-image-preview:large","max-video-preview":"max-video-preview:-1"},"canonical":"https:\/\/thejohnstownestate.com\/fr\/leisure-center\/","og_locale":"fr_FR","og_type":"article","og_title":"Johnstown Estate Leisure Centre | Gym Meath | Johnstown Estate","og_description":"Our Leisure Club has everything you need to enjoy a relaxing stay at Johnstown Estate from a gym, swimming pool, exercise classes to a relaxing sauna and hot-tub.","og_url":"https:\/\/thejohnstownestate.com\/fr\/leisure-center\/","og_site_name":"The Johnstown Estate","article_modified_time":"2026-04-10T09:06:58+00:00","og_image":[{"width":2204,"height":1720,"url":"https:\/\/thejohnstownestate.com\/wp-content\/uploads\/2020\/11\/image-leisure-centre-hero@2x.jpg","type":"image\/jpeg"}],"twitter_card":"summary_large_image","twitter_misc":{"Dur\u00e9e de lecture estim\u00e9e":"1 minute"},"schema":{"@context":"https:\/\/schema.org","@graph":[{"@type":"WebPage","@id":"https:\/\/thejohnstownestate.com\/leisure-center\/","url":"https:\/\/thejohnstownestate.com\/leisure-center\/","name":"Johnstown Estate Leisure Centre | Gym Meath | Johnstown Estate","isPartOf":{"@id":"https:\/\/thejohnstownestate.com\/#website"},"primaryImageOfPage":{"@id":"https:\/\/thejohnstownestate.com\/leisure-center\/#primaryimage"},"image":{"@id":"https:\/\/thejohnstownestate.com\/leisure-center\/#primaryimage"},"thumbnailUrl":"https:\/\/thejohnstownestate.com\/wp-content\/uploads\/2020\/11\/image-leisure-centre-hero@2x.jpg","datePublished":"2024-12-23T13:10:59+00:00","dateModified":"2026-04-10T09:06:58+00:00","description":"Our Leisure Club has everything you need to enjoy a relaxing stay at Johnstown Estate from a gym, swimming pool, exercise classes to a relaxing sauna and hot-tub.","breadcrumb":{"@id":"https:\/\/thejohnstownestate.com\/leisure-center\/#breadcrumb"},"inLanguage":"fr-FR","potentialAction":[{"@type":"ReadAction","target":["https:\/\/thejohnstownestate.com\/leisure-center\/"]}]},{"@type":"ImageObject","inLanguage":"fr-FR","@id":"https:\/\/thejohnstownestate.com\/leisure-center\/#primaryimage","url":"https:\/\/thejohnstownestate.com\/wp-content\/uploads\/2020\/11\/image-leisure-centre-hero@2x.jpg","contentUrl":"https:\/\/thejohnstownestate.com\/wp-content\/uploads\/2020\/11\/image-leisure-centre-hero@2x.jpg","width":2204,"height":1720},{"@type":"BreadcrumbList","@id":"https:\/\/thejohnstownestate.com\/leisure-center\/#breadcrumb","itemListElement":[{"@type":"ListItem","position":1,"name":"Home","item":"https:\/\/thejohnstownestate.com\/"},{"@type":"ListItem","position":2,"name":"Leisure Club"}]},{"@type":"WebSite","@id":"https:\/\/thejohnstownestate.com\/#website","url":"https:\/\/thejohnstownestate.com\/","name":"Le domaine de Johnstown","description":"La rencontre de la splendeur g\u00e9orgienne et du luxe moderne","potentialAction":[{"@type":"SearchAction","target":{"@type":"EntryPoint","urlTemplate":"https:\/\/thejohnstownestate.com\/?s={search_term_string}"},"query-input":{"@type":"PropertyValueSpecification","valueRequired":true,"valueName":"search_term_string"}}],"inLanguage":"fr-FR"}]}},"_links":{"self":[{"href":"https:\/\/thejohnstownestate.com\/fr\/wp-json\/wp\/v2\/pages\/21","targetHints":{"allow":["GET"]}}],"collection":[{"href":"https:\/\/thejohnstownestate.com\/fr\/wp-json\/wp\/v2\/pages"}],"about":[{"href":"https:\/\/thejohnstownestate.com\/fr\/wp-json\/wp\/v2\/types\/page"}],"author":[{"embeddable":true,"href":"https:\/\/thejohnstownestate.com\/fr\/wp-json\/wp\/v2\/users\/23"}],"replies":[{"embeddable":true,"href":"https:\/\/thejohnstownestate.com\/fr\/wp-json\/wp\/v2\/comments?post=21"}],"version-history":[{"count":0,"href":"https:\/\/thejohnstownestate.com\/fr\/wp-json\/wp\/v2\/pages\/21\/revisions"}],"wp:featuredmedia":[{"embeddable":true,"href":"https:\/\/thejohnstownestate.com\/fr\/wp-json\/wp\/v2\/media\/564"}],"wp:attachment":[{"href":"https:\/\/thejohnstownestate.com\/fr\/wp-json\/wp\/v2\/media?parent=21"}],"curies":[{"name":"wp","href":"https:\/\/api.w.org\/{rel}","templated":true}]}}