{"id":23,"date":"2020-10-27T21:13:21","date_gmt":"2020-10-27T21:13:21","guid":{"rendered":"https:\/\/thejohnstownestate.com\/?page_id=23"},"modified":"2024-01-03T15:52:14","modified_gmt":"2024-01-03T15:52:14","slug":"sport","status":"publish","type":"page","link":"https:\/\/thejohnstownestate.com\/fr\/sport\/","title":{"rendered":"Sports Camps"},"content":{"rendered":"<p>Parfait pour un camp d'un jour, un s\u00e9jour d'une semaine ou un endroit o\u00f9 se regrouper pour parler de strat\u00e9gie. Nous ferons tout ce qu'il faut pour vous aider \u00e0 gagner.<\/p>","protected":false},"excerpt":{"rendered":"<p>Parfait pour un camp d'un jour, un s\u00e9jour d'une semaine ou un endroit o\u00f9 se regrouper pour parler de strat\u00e9gie. Nous ferons tout ce qu'il faut pour vous aider \u00e0 gagner.<\/p>","protected":false},"author":23,"featured_media":541,"parent":0,"menu_order":33,"comment_status":"closed","ping_status":"closed","template":"","meta":{"_acf_changed":false,"footnotes":""},"class_list":["post-23","page","type-page","status-publish","has-post-thumbnail","hentry"],"acf":[],"yoast_head":"<!-- This site is optimized with the Yoast SEO plugin v27.4 - https:\/\/yoast.com\/product\/yoast-seo-wordpress\/ -->\n<title>Sport | Sport Training Facilities Meath | 4* Johnstown Estate Hotel<\/title>\n<meta name=\"description\" content=\"At Johnstown Estate Hotel we have two pristine, all-weather pitches, accommodation options, bespoke nutrition-driven menus, and private team meeting rooms available.\" \/>\n<meta name=\"robots\" content=\"index, follow, max-snippet:-1, max-image-preview:large, max-video-preview:-1\" \/>\n<link rel=\"canonical\" href=\"https:\/\/thejohnstownestate.com\/fr\/sport\/\" \/>\n<meta property=\"og:locale\" content=\"fr_FR\" \/>\n<meta property=\"og:type\" content=\"article\" \/>\n<meta property=\"og:title\" content=\"Sport | Sport Training Facilities Meath | 4* Johnstown Estate Hotel\" \/>\n<meta property=\"og:description\" content=\"At Johnstown Estate Hotel we have two pristine, all-weather pitches, accommodation options, bespoke nutrition-driven menus, and private team meeting rooms available.\" \/>\n<meta property=\"og:url\" content=\"https:\/\/thejohnstownestate.com\/fr\/sport\/\" \/>\n<meta property=\"og:site_name\" content=\"The Johnstown Estate\" \/>\n<meta property=\"article:modified_time\" content=\"2024-01-03T15:52:14+00:00\" \/>\n<meta property=\"og:image\" content=\"https:\/\/thejohnstownestate.com\/wp-content\/uploads\/2020\/11\/image-sports-hero@2x.jpg\" \/>\n\t<meta property=\"og:image:width\" content=\"2204\" \/>\n\t<meta property=\"og:image:height\" content=\"1720\" \/>\n\t<meta property=\"og:image:type\" content=\"image\/jpeg\" \/>\n<meta name=\"twitter:card\" content=\"summary_large_image\" \/>\n<meta name=\"twitter:label1\" content=\"Dur\u00e9e de lecture estim\u00e9e\" \/>\n\t<meta name=\"twitter:data1\" content=\"1 minute\" \/>\n<script type=\"application\/ld+json\" class=\"yoast-schema-graph\">{\"@context\":\"https:\\\/\\\/schema.org\",\"@graph\":[{\"@type\":\"WebPage\",\"@id\":\"https:\\\/\\\/thejohnstownestate.com\\\/sport\\\/\",\"url\":\"https:\\\/\\\/thejohnstownestate.com\\\/sport\\\/\",\"name\":\"Sport | Sport Training Facilities Meath | 4* Johnstown Estate Hotel\",\"isPartOf\":{\"@id\":\"https:\\\/\\\/thejohnstownestate.com\\\/#website\"},\"primaryImageOfPage\":{\"@id\":\"https:\\\/\\\/thejohnstownestate.com\\\/sport\\\/#primaryimage\"},\"image\":{\"@id\":\"https:\\\/\\\/thejohnstownestate.com\\\/sport\\\/#primaryimage\"},\"thumbnailUrl\":\"https:\\\/\\\/thejohnstownestate.com\\\/wp-content\\\/uploads\\\/2020\\\/11\\\/image-sports-hero@2x.jpg\",\"datePublished\":\"2020-10-27T21:13:21+00:00\",\"dateModified\":\"2024-01-03T15:52:14+00:00\",\"description\":\"At Johnstown Estate Hotel we have two pristine, all-weather pitches, accommodation options, bespoke nutrition-driven menus, and private team meeting rooms available.\",\"breadcrumb\":{\"@id\":\"https:\\\/\\\/thejohnstownestate.com\\\/sport\\\/#breadcrumb\"},\"inLanguage\":\"fr-FR\",\"potentialAction\":[{\"@type\":\"ReadAction\",\"target\":[\"https:\\\/\\\/thejohnstownestate.com\\\/sport\\\/\"]}]},{\"@type\":\"ImageObject\",\"inLanguage\":\"fr-FR\",\"@id\":\"https:\\\/\\\/thejohnstownestate.com\\\/sport\\\/#primaryimage\",\"url\":\"https:\\\/\\\/thejohnstownestate.com\\\/wp-content\\\/uploads\\\/2020\\\/11\\\/image-sports-hero@2x.jpg\",\"contentUrl\":\"https:\\\/\\\/thejohnstownestate.com\\\/wp-content\\\/uploads\\\/2020\\\/11\\\/image-sports-hero@2x.jpg\",\"width\":2204,\"height\":1720},{\"@type\":\"BreadcrumbList\",\"@id\":\"https:\\\/\\\/thejohnstownestate.com\\\/sport\\\/#breadcrumb\",\"itemListElement\":[{\"@type\":\"ListItem\",\"position\":1,\"name\":\"Home\",\"item\":\"https:\\\/\\\/thejohnstownestate.com\\\/\"},{\"@type\":\"ListItem\",\"position\":2,\"name\":\"Sports Camps\"}]},{\"@type\":\"WebSite\",\"@id\":\"https:\\\/\\\/thejohnstownestate.com\\\/#website\",\"url\":\"https:\\\/\\\/thejohnstownestate.com\\\/\",\"name\":\"The Johnstown Estate\",\"description\":\"Where Georgian Splendour Meets Modern Day Luxury\",\"potentialAction\":[{\"@type\":\"SearchAction\",\"target\":{\"@type\":\"EntryPoint\",\"urlTemplate\":\"https:\\\/\\\/thejohnstownestate.com\\\/?s={search_term_string}\"},\"query-input\":{\"@type\":\"PropertyValueSpecification\",\"valueRequired\":true,\"valueName\":\"search_term_string\"}}],\"inLanguage\":\"fr-FR\"}]}<\/script>\n<!-- \/ Yoast SEO plugin. -->","yoast_head_json":{"title":"Sport | Sport Training Facilities Meath | 4* Johnstown Estate Hotel","description":"At Johnstown Estate Hotel we have two pristine, all-weather pitches, accommodation options, bespoke nutrition-driven menus, and private team meeting rooms available.","robots":{"index":"index","follow":"follow","max-snippet":"max-snippet:-1","max-image-preview":"max-image-preview:large","max-video-preview":"max-video-preview:-1"},"canonical":"https:\/\/thejohnstownestate.com\/fr\/sport\/","og_locale":"fr_FR","og_type":"article","og_title":"Sport | Sport Training Facilities Meath | 4* Johnstown Estate Hotel","og_description":"At Johnstown Estate Hotel we have two pristine, all-weather pitches, accommodation options, bespoke nutrition-driven menus, and private team meeting rooms available.","og_url":"https:\/\/thejohnstownestate.com\/fr\/sport\/","og_site_name":"The Johnstown Estate","article_modified_time":"2024-01-03T15:52:14+00:00","og_image":[{"width":2204,"height":1720,"url":"https:\/\/thejohnstownestate.com\/wp-content\/uploads\/2020\/11\/image-sports-hero@2x.jpg","type":"image\/jpeg"}],"twitter_card":"summary_large_image","twitter_misc":{"Dur\u00e9e de lecture estim\u00e9e":"1 minute"},"schema":{"@context":"https:\/\/schema.org","@graph":[{"@type":"WebPage","@id":"https:\/\/thejohnstownestate.com\/sport\/","url":"https:\/\/thejohnstownestate.com\/sport\/","name":"Sport | Sport Training Facilities Meath | 4* Johnstown Estate Hotel","isPartOf":{"@id":"https:\/\/thejohnstownestate.com\/#website"},"primaryImageOfPage":{"@id":"https:\/\/thejohnstownestate.com\/sport\/#primaryimage"},"image":{"@id":"https:\/\/thejohnstownestate.com\/sport\/#primaryimage"},"thumbnailUrl":"https:\/\/thejohnstownestate.com\/wp-content\/uploads\/2020\/11\/image-sports-hero@2x.jpg","datePublished":"2020-10-27T21:13:21+00:00","dateModified":"2024-01-03T15:52:14+00:00","description":"At Johnstown Estate Hotel we have two pristine, all-weather pitches, accommodation options, bespoke nutrition-driven menus, and private team meeting rooms available.","breadcrumb":{"@id":"https:\/\/thejohnstownestate.com\/sport\/#breadcrumb"},"inLanguage":"fr-FR","potentialAction":[{"@type":"ReadAction","target":["https:\/\/thejohnstownestate.com\/sport\/"]}]},{"@type":"ImageObject","inLanguage":"fr-FR","@id":"https:\/\/thejohnstownestate.com\/sport\/#primaryimage","url":"https:\/\/thejohnstownestate.com\/wp-content\/uploads\/2020\/11\/image-sports-hero@2x.jpg","contentUrl":"https:\/\/thejohnstownestate.com\/wp-content\/uploads\/2020\/11\/image-sports-hero@2x.jpg","width":2204,"height":1720},{"@type":"BreadcrumbList","@id":"https:\/\/thejohnstownestate.com\/sport\/#breadcrumb","itemListElement":[{"@type":"ListItem","position":1,"name":"Home","item":"https:\/\/thejohnstownestate.com\/"},{"@type":"ListItem","position":2,"name":"Sports Camps"}]},{"@type":"WebSite","@id":"https:\/\/thejohnstownestate.com\/#website","url":"https:\/\/thejohnstownestate.com\/","name":"Le domaine de Johnstown","description":"La rencontre de la splendeur g\u00e9orgienne et du luxe moderne","potentialAction":[{"@type":"SearchAction","target":{"@type":"EntryPoint","urlTemplate":"https:\/\/thejohnstownestate.com\/?s={search_term_string}"},"query-input":{"@type":"PropertyValueSpecification","valueRequired":true,"valueName":"search_term_string"}}],"inLanguage":"fr-FR"}]}},"_links":{"self":[{"href":"https:\/\/thejohnstownestate.com\/fr\/wp-json\/wp\/v2\/pages\/23","targetHints":{"allow":["GET"]}}],"collection":[{"href":"https:\/\/thejohnstownestate.com\/fr\/wp-json\/wp\/v2\/pages"}],"about":[{"href":"https:\/\/thejohnstownestate.com\/fr\/wp-json\/wp\/v2\/types\/page"}],"author":[{"embeddable":true,"href":"https:\/\/thejohnstownestate.com\/fr\/wp-json\/wp\/v2\/users\/23"}],"replies":[{"embeddable":true,"href":"https:\/\/thejohnstownestate.com\/fr\/wp-json\/wp\/v2\/comments?post=23"}],"version-history":[{"count":0,"href":"https:\/\/thejohnstownestate.com\/fr\/wp-json\/wp\/v2\/pages\/23\/revisions"}],"wp:featuredmedia":[{"embeddable":true,"href":"https:\/\/thejohnstownestate.com\/fr\/wp-json\/wp\/v2\/media\/541"}],"wp:attachment":[{"href":"https:\/\/thejohnstownestate.com\/fr\/wp-json\/wp\/v2\/media?parent=23"}],"curies":[{"name":"wp","href":"https:\/\/api.w.org\/{rel}","templated":true}]}}