{"id":27,"date":"2020-10-27T21:13:53","date_gmt":"2020-10-27T21:13:53","guid":{"rendered":"https:\/\/thejohnstownestate.com\/?page_id=27"},"modified":"2025-07-11T11:44:07","modified_gmt":"2025-07-11T11:44:07","slug":"plan-your-perfect-stay","status":"publish","type":"page","link":"https:\/\/thejohnstownestate.com\/fr\/plan-your-perfect-stay\/","title":{"rendered":"Planifiez votre s\u00e9jour parfait"},"content":{"rendered":"<p>Vous cherchez peut-\u00eatre quelque chose \u00e0 proximit\u00e9 ou vous souhaitez vous rendre \u00e0 Dublin pour la journ\u00e9e. Quelle que soit votre pr\u00e9f\u00e9rence, consultez les attractions recommand\u00e9es ci-dessous.&nbsp;<\/p>","protected":false},"excerpt":{"rendered":"<p>Vous cherchez peut-\u00eatre quelque chose \u00e0 proximit\u00e9 ou vous souhaitez vous rendre \u00e0 Dublin pour la journ\u00e9e. Quelle que soit votre pr\u00e9f\u00e9rence, consultez les attractions recommand\u00e9es ci-dessous.&nbsp;<\/p>","protected":false},"author":23,"featured_media":0,"parent":0,"menu_order":29,"comment_status":"closed","ping_status":"closed","template":"template-footer-page.blade.php","meta":{"_acf_changed":true,"footnotes":""},"class_list":["post-27","page","type-page","status-publish","hentry"],"acf":[],"yoast_head":"<!-- This site is optimized with the Yoast SEO plugin v27.3 - https:\/\/yoast.com\/product\/yoast-seo-wordpress\/ -->\n<title>Plan Your Perfect Stay | Things To Do In Meath | Johnstown Estate<\/title>\n<meta name=\"description\" content=\"View our list of nearby local attractions &amp; outdoor activities in Meath that you can do during your stay at The Johnstown Estate Hotel. Plan your perfect stay today!\" \/>\n<meta name=\"robots\" content=\"index, follow, max-snippet:-1, max-image-preview:large, max-video-preview:-1\" \/>\n<link rel=\"canonical\" href=\"https:\/\/thejohnstownestate.com\/fr\/plan-your-perfect-stay\/\" \/>\n<meta property=\"og:locale\" content=\"fr_FR\" \/>\n<meta property=\"og:type\" content=\"article\" \/>\n<meta property=\"og:title\" content=\"Plan Your Perfect Stay | Things To Do In Meath | Johnstown Estate\" \/>\n<meta property=\"og:description\" content=\"View our list of nearby local attractions &amp; outdoor activities in Meath that you can do during your stay at The Johnstown Estate Hotel. Plan your perfect stay today!\" \/>\n<meta property=\"og:url\" content=\"https:\/\/thejohnstownestate.com\/fr\/plan-your-perfect-stay\/\" \/>\n<meta property=\"og:site_name\" content=\"The Johnstown Estate\" \/>\n<meta property=\"article:modified_time\" content=\"2025-07-11T11:44:07+00:00\" \/>\n<meta name=\"twitter:card\" content=\"summary_large_image\" \/>\n<meta name=\"twitter:label1\" content=\"Dur\u00e9e de lecture estim\u00e9e\" \/>\n\t<meta name=\"twitter:data1\" content=\"1 minute\" \/>\n<script type=\"application\/ld+json\" class=\"yoast-schema-graph\">{\"@context\":\"https:\\\/\\\/schema.org\",\"@graph\":[{\"@type\":\"WebPage\",\"@id\":\"https:\\\/\\\/thejohnstownestate.com\\\/plan-your-perfect-stay\\\/\",\"url\":\"https:\\\/\\\/thejohnstownestate.com\\\/plan-your-perfect-stay\\\/\",\"name\":\"Plan Your Perfect Stay | Things To Do In Meath | Johnstown Estate\",\"isPartOf\":{\"@id\":\"https:\\\/\\\/thejohnstownestate.com\\\/#website\"},\"datePublished\":\"2020-10-27T21:13:53+00:00\",\"dateModified\":\"2025-07-11T11:44:07+00:00\",\"description\":\"View our list of nearby local attractions & outdoor activities in Meath that you can do during your stay at The Johnstown Estate Hotel. Plan your perfect stay today!\",\"breadcrumb\":{\"@id\":\"https:\\\/\\\/thejohnstownestate.com\\\/plan-your-perfect-stay\\\/#breadcrumb\"},\"inLanguage\":\"fr-FR\",\"potentialAction\":[{\"@type\":\"ReadAction\",\"target\":[\"https:\\\/\\\/thejohnstownestate.com\\\/plan-your-perfect-stay\\\/\"]}]},{\"@type\":\"BreadcrumbList\",\"@id\":\"https:\\\/\\\/thejohnstownestate.com\\\/plan-your-perfect-stay\\\/#breadcrumb\",\"itemListElement\":[{\"@type\":\"ListItem\",\"position\":1,\"name\":\"Home\",\"item\":\"https:\\\/\\\/thejohnstownestate.com\\\/\"},{\"@type\":\"ListItem\",\"position\":2,\"name\":\"Plan Your Perfect Stay\"}]},{\"@type\":\"WebSite\",\"@id\":\"https:\\\/\\\/thejohnstownestate.com\\\/#website\",\"url\":\"https:\\\/\\\/thejohnstownestate.com\\\/\",\"name\":\"The Johnstown Estate\",\"description\":\"Where Georgian Splendour Meets Modern Day Luxury\",\"potentialAction\":[{\"@type\":\"SearchAction\",\"target\":{\"@type\":\"EntryPoint\",\"urlTemplate\":\"https:\\\/\\\/thejohnstownestate.com\\\/?s={search_term_string}\"},\"query-input\":{\"@type\":\"PropertyValueSpecification\",\"valueRequired\":true,\"valueName\":\"search_term_string\"}}],\"inLanguage\":\"fr-FR\"}]}<\/script>\n<!-- \/ Yoast SEO plugin. -->","yoast_head_json":{"title":"Plan Your Perfect Stay | Things To Do In Meath | Johnstown Estate","description":"View our list of nearby local attractions & outdoor activities in Meath that you can do during your stay at The Johnstown Estate Hotel. Plan your perfect stay today!","robots":{"index":"index","follow":"follow","max-snippet":"max-snippet:-1","max-image-preview":"max-image-preview:large","max-video-preview":"max-video-preview:-1"},"canonical":"https:\/\/thejohnstownestate.com\/fr\/plan-your-perfect-stay\/","og_locale":"fr_FR","og_type":"article","og_title":"Plan Your Perfect Stay | Things To Do In Meath | Johnstown Estate","og_description":"View our list of nearby local attractions & outdoor activities in Meath that you can do during your stay at The Johnstown Estate Hotel. Plan your perfect stay today!","og_url":"https:\/\/thejohnstownestate.com\/fr\/plan-your-perfect-stay\/","og_site_name":"The Johnstown Estate","article_modified_time":"2025-07-11T11:44:07+00:00","twitter_card":"summary_large_image","twitter_misc":{"Dur\u00e9e de lecture estim\u00e9e":"1 minute"},"schema":{"@context":"https:\/\/schema.org","@graph":[{"@type":"WebPage","@id":"https:\/\/thejohnstownestate.com\/plan-your-perfect-stay\/","url":"https:\/\/thejohnstownestate.com\/plan-your-perfect-stay\/","name":"Plan Your Perfect Stay | Things To Do In Meath | Johnstown Estate","isPartOf":{"@id":"https:\/\/thejohnstownestate.com\/#website"},"datePublished":"2020-10-27T21:13:53+00:00","dateModified":"2025-07-11T11:44:07+00:00","description":"View our list of nearby local attractions & outdoor activities in Meath that you can do during your stay at The Johnstown Estate Hotel. Plan your perfect stay today!","breadcrumb":{"@id":"https:\/\/thejohnstownestate.com\/plan-your-perfect-stay\/#breadcrumb"},"inLanguage":"fr-FR","potentialAction":[{"@type":"ReadAction","target":["https:\/\/thejohnstownestate.com\/plan-your-perfect-stay\/"]}]},{"@type":"BreadcrumbList","@id":"https:\/\/thejohnstownestate.com\/plan-your-perfect-stay\/#breadcrumb","itemListElement":[{"@type":"ListItem","position":1,"name":"Home","item":"https:\/\/thejohnstownestate.com\/"},{"@type":"ListItem","position":2,"name":"Plan Your Perfect Stay"}]},{"@type":"WebSite","@id":"https:\/\/thejohnstownestate.com\/#website","url":"https:\/\/thejohnstownestate.com\/","name":"Le domaine de Johnstown","description":"La rencontre de la splendeur g\u00e9orgienne et du luxe moderne","potentialAction":[{"@type":"SearchAction","target":{"@type":"EntryPoint","urlTemplate":"https:\/\/thejohnstownestate.com\/?s={search_term_string}"},"query-input":{"@type":"PropertyValueSpecification","valueRequired":true,"valueName":"search_term_string"}}],"inLanguage":"fr-FR"}]}},"_links":{"self":[{"href":"https:\/\/thejohnstownestate.com\/fr\/wp-json\/wp\/v2\/pages\/27","targetHints":{"allow":["GET"]}}],"collection":[{"href":"https:\/\/thejohnstownestate.com\/fr\/wp-json\/wp\/v2\/pages"}],"about":[{"href":"https:\/\/thejohnstownestate.com\/fr\/wp-json\/wp\/v2\/types\/page"}],"author":[{"embeddable":true,"href":"https:\/\/thejohnstownestate.com\/fr\/wp-json\/wp\/v2\/users\/23"}],"replies":[{"embeddable":true,"href":"https:\/\/thejohnstownestate.com\/fr\/wp-json\/wp\/v2\/comments?post=27"}],"version-history":[{"count":0,"href":"https:\/\/thejohnstownestate.com\/fr\/wp-json\/wp\/v2\/pages\/27\/revisions"}],"wp:attachment":[{"href":"https:\/\/thejohnstownestate.com\/fr\/wp-json\/wp\/v2\/media?parent=27"}],"curies":[{"name":"wp","href":"https:\/\/api.w.org\/{rel}","templated":true}]}}