{"id":29,"date":"2020-10-27T21:14:06","date_gmt":"2020-10-27T21:14:06","guid":{"rendered":"https:\/\/thejohnstownestate.com\/?page_id=29"},"modified":"2023-01-05T17:38:05","modified_gmt":"2023-01-05T17:38:05","slug":"history","status":"publish","type":"page","link":"https:\/\/thejohnstownestate.com\/fr\/history\/","title":{"rendered":"Histoire"},"content":{"rendered":"<p>Le manoir d'origine - ou The Johnstown House comme on l'appelait - a autant d'histoire que beaucoup d'autres grandes maisons de campagne en Irlande.  Heureusement, la maison elle-m\u00eame a r\u00e9sist\u00e9 \u00e0 l'\u00e9preuve du temps et constitue le c\u0153ur battant de l'h\u00f4tel et de toutes ses installations qui forment ensemble le Johnstown Estate.\u00a0<\/p>","protected":false},"excerpt":{"rendered":"<p>Le manoir d'origine - ou The Johnstown House comme on l'appelait - a autant d'histoire que beaucoup d'autres grandes maisons de campagne en Irlande.  Heureusement, la maison elle-m\u00eame a r\u00e9sist\u00e9 \u00e0 l'\u00e9preuve du temps et constitue le c\u0153ur battant de l'h\u00f4tel et de toutes ses installations qui forment ensemble le Johnstown Estate.\u00a0<\/p>","protected":false},"author":23,"featured_media":0,"parent":0,"menu_order":20,"comment_status":"closed","ping_status":"closed","template":"template-footer-page.blade.php","meta":{"_acf_changed":false,"footnotes":""},"class_list":["post-29","page","type-page","status-publish","hentry"],"acf":[],"yoast_head":"<!-- This site is optimized with the Yoast SEO plugin v27.3 - https:\/\/yoast.com\/product\/yoast-seo-wordpress\/ -->\n<title>Our History | Luxury 4* Hotels In Meath | Johnstown Estate Hotel<\/title>\n<meta name=\"description\" content=\"Learn about the history of Johnstown House dating back to the 1700s all the way to the 2000s where the house was restored &amp; refurbished to become The Johnstown Estate.\" \/>\n<meta name=\"robots\" content=\"index, follow, max-snippet:-1, max-image-preview:large, max-video-preview:-1\" \/>\n<link rel=\"canonical\" href=\"https:\/\/thejohnstownestate.com\/fr\/history\/\" \/>\n<meta property=\"og:locale\" content=\"fr_FR\" \/>\n<meta property=\"og:type\" content=\"article\" \/>\n<meta property=\"og:title\" content=\"Our History | Luxury 4* Hotels In Meath | Johnstown Estate Hotel\" \/>\n<meta property=\"og:description\" content=\"Learn about the history of Johnstown House dating back to the 1700s all the way to the 2000s where the house was restored &amp; refurbished to become The Johnstown Estate.\" \/>\n<meta property=\"og:url\" content=\"https:\/\/thejohnstownestate.com\/fr\/history\/\" \/>\n<meta property=\"og:site_name\" content=\"The Johnstown Estate\" \/>\n<meta property=\"article:modified_time\" content=\"2023-01-05T17:38:05+00:00\" \/>\n<meta name=\"twitter:card\" content=\"summary_large_image\" \/>\n<script type=\"application\/ld+json\" class=\"yoast-schema-graph\">{\"@context\":\"https:\\\/\\\/schema.org\",\"@graph\":[{\"@type\":\"WebPage\",\"@id\":\"https:\\\/\\\/thejohnstownestate.com\\\/history\\\/\",\"url\":\"https:\\\/\\\/thejohnstownestate.com\\\/history\\\/\",\"name\":\"Our History | Luxury 4* Hotels In Meath | Johnstown Estate Hotel\",\"isPartOf\":{\"@id\":\"https:\\\/\\\/thejohnstownestate.com\\\/#website\"},\"datePublished\":\"2020-10-27T21:14:06+00:00\",\"dateModified\":\"2023-01-05T17:38:05+00:00\",\"description\":\"Learn about the history of Johnstown House dating back to the 1700s all the way to the 2000s where the house was restored & refurbished to become The Johnstown Estate.\",\"breadcrumb\":{\"@id\":\"https:\\\/\\\/thejohnstownestate.com\\\/history\\\/#breadcrumb\"},\"inLanguage\":\"fr-FR\",\"potentialAction\":[{\"@type\":\"ReadAction\",\"target\":[\"https:\\\/\\\/thejohnstownestate.com\\\/history\\\/\"]}]},{\"@type\":\"BreadcrumbList\",\"@id\":\"https:\\\/\\\/thejohnstownestate.com\\\/history\\\/#breadcrumb\",\"itemListElement\":[{\"@type\":\"ListItem\",\"position\":1,\"name\":\"Home\",\"item\":\"https:\\\/\\\/thejohnstownestate.com\\\/\"},{\"@type\":\"ListItem\",\"position\":2,\"name\":\"History\"}]},{\"@type\":\"WebSite\",\"@id\":\"https:\\\/\\\/thejohnstownestate.com\\\/#website\",\"url\":\"https:\\\/\\\/thejohnstownestate.com\\\/\",\"name\":\"The Johnstown Estate\",\"description\":\"Where Georgian Splendour Meets Modern Day Luxury\",\"potentialAction\":[{\"@type\":\"SearchAction\",\"target\":{\"@type\":\"EntryPoint\",\"urlTemplate\":\"https:\\\/\\\/thejohnstownestate.com\\\/?s={search_term_string}\"},\"query-input\":{\"@type\":\"PropertyValueSpecification\",\"valueRequired\":true,\"valueName\":\"search_term_string\"}}],\"inLanguage\":\"fr-FR\"}]}<\/script>\n<!-- \/ Yoast SEO plugin. -->","yoast_head_json":{"title":"Our History | Luxury 4* Hotels In Meath | Johnstown Estate Hotel","description":"Learn about the history of Johnstown House dating back to the 1700s all the way to the 2000s where the house was restored & refurbished to become The Johnstown Estate.","robots":{"index":"index","follow":"follow","max-snippet":"max-snippet:-1","max-image-preview":"max-image-preview:large","max-video-preview":"max-video-preview:-1"},"canonical":"https:\/\/thejohnstownestate.com\/fr\/history\/","og_locale":"fr_FR","og_type":"article","og_title":"Our History | Luxury 4* Hotels In Meath | Johnstown Estate Hotel","og_description":"Learn about the history of Johnstown House dating back to the 1700s all the way to the 2000s where the house was restored & refurbished to become The Johnstown Estate.","og_url":"https:\/\/thejohnstownestate.com\/fr\/history\/","og_site_name":"The Johnstown Estate","article_modified_time":"2023-01-05T17:38:05+00:00","twitter_card":"summary_large_image","schema":{"@context":"https:\/\/schema.org","@graph":[{"@type":"WebPage","@id":"https:\/\/thejohnstownestate.com\/history\/","url":"https:\/\/thejohnstownestate.com\/history\/","name":"Our History | Luxury 4* Hotels In Meath | Johnstown Estate Hotel","isPartOf":{"@id":"https:\/\/thejohnstownestate.com\/#website"},"datePublished":"2020-10-27T21:14:06+00:00","dateModified":"2023-01-05T17:38:05+00:00","description":"Learn about the history of Johnstown House dating back to the 1700s all the way to the 2000s where the house was restored & refurbished to become The Johnstown Estate.","breadcrumb":{"@id":"https:\/\/thejohnstownestate.com\/history\/#breadcrumb"},"inLanguage":"fr-FR","potentialAction":[{"@type":"ReadAction","target":["https:\/\/thejohnstownestate.com\/history\/"]}]},{"@type":"BreadcrumbList","@id":"https:\/\/thejohnstownestate.com\/history\/#breadcrumb","itemListElement":[{"@type":"ListItem","position":1,"name":"Home","item":"https:\/\/thejohnstownestate.com\/"},{"@type":"ListItem","position":2,"name":"History"}]},{"@type":"WebSite","@id":"https:\/\/thejohnstownestate.com\/#website","url":"https:\/\/thejohnstownestate.com\/","name":"Le domaine de Johnstown","description":"La rencontre de la splendeur g\u00e9orgienne et du luxe moderne","potentialAction":[{"@type":"SearchAction","target":{"@type":"EntryPoint","urlTemplate":"https:\/\/thejohnstownestate.com\/?s={search_term_string}"},"query-input":{"@type":"PropertyValueSpecification","valueRequired":true,"valueName":"search_term_string"}}],"inLanguage":"fr-FR"}]}},"_links":{"self":[{"href":"https:\/\/thejohnstownestate.com\/fr\/wp-json\/wp\/v2\/pages\/29","targetHints":{"allow":["GET"]}}],"collection":[{"href":"https:\/\/thejohnstownestate.com\/fr\/wp-json\/wp\/v2\/pages"}],"about":[{"href":"https:\/\/thejohnstownestate.com\/fr\/wp-json\/wp\/v2\/types\/page"}],"author":[{"embeddable":true,"href":"https:\/\/thejohnstownestate.com\/fr\/wp-json\/wp\/v2\/users\/23"}],"replies":[{"embeddable":true,"href":"https:\/\/thejohnstownestate.com\/fr\/wp-json\/wp\/v2\/comments?post=29"}],"version-history":[{"count":0,"href":"https:\/\/thejohnstownestate.com\/fr\/wp-json\/wp\/v2\/pages\/29\/revisions"}],"wp:attachment":[{"href":"https:\/\/thejohnstownestate.com\/fr\/wp-json\/wp\/v2\/media?parent=29"}],"curies":[{"name":"wp","href":"https:\/\/api.w.org\/{rel}","templated":true}]}}